{"id":580,"date":"2024-11-03T13:05:25","date_gmt":"2024-11-03T10:05:25","guid":{"rendered":"https:\/\/cemilhoca.com.tr\/qr\/?post_type=product&#038;p=580"},"modified":"2026-02-15T18:30:43","modified_gmt":"2026-02-15T15:30:43","slug":"karisik-et-tabagi","status":"publish","type":"product","link":"https:\/\/cemilhoca.com.tr\/qr\/ar\/product\/karisik-et-tabagi\/","title":{"rendered":"Cemil Hoca Kar\u0131\u015f\u0131k Et Taba\u011f\u0131"},"content":{"rendered":"","protected":false},"excerpt":{"rendered":"<p>\u064a\u062a\u0643\u0648\u0646 \u0645\u0646 \u0634\u064a\u0634 \u0644\u062d\u0645 \u0628\u0642\u0631\u064a 3 \u0623\u0633\u064a\u0627\u062e\u060c \u0642\u0637\u0639\u0629 \u0627\u0646\u062a\u0631\u0643\u0648\u062a\u060c \u0642\u0637\u0639\u0629 \u062f\u062c\u0627\u062c \u0628\u064a\u0631\u0632\u0648\u0627\u0644\u060c \u0642\u0637\u0639\u062a\u0646\u064a \u0645\u0646 \u0627\u0644\u0643\u0641\u062a\u0629<\/p>","protected":false},"featured_media":720,"comment_status":"open","ping_status":"closed","template":"","meta":[],"product_brand":[],"product_cat":[81],"product_tag":[],"class_list":{"0":"post-580","1":"product","2":"type-product","3":"status-publish","4":"has-post-thumbnail","6":"product_cat-et-tavuk","8":"first","9":"instock","10":"shipping-taxable","11":"purchasable","12":"product-type-simple"},"_links":{"self":[{"href":"https:\/\/cemilhoca.com.tr\/qr\/ar\/wp-json\/wp\/v2\/product\/580","targetHints":{"allow":["GET"]}}],"collection":[{"href":"https:\/\/cemilhoca.com.tr\/qr\/ar\/wp-json\/wp\/v2\/product"}],"about":[{"href":"https:\/\/cemilhoca.com.tr\/qr\/ar\/wp-json\/wp\/v2\/types\/product"}],"replies":[{"embeddable":true,"href":"https:\/\/cemilhoca.com.tr\/qr\/ar\/wp-json\/wp\/v2\/comments?post=580"}],"wp:featuredmedia":[{"embeddable":true,"href":"https:\/\/cemilhoca.com.tr\/qr\/ar\/wp-json\/wp\/v2\/media\/720"}],"wp:attachment":[{"href":"https:\/\/cemilhoca.com.tr\/qr\/ar\/wp-json\/wp\/v2\/media?parent=580"}],"wp:term":[{"taxonomy":"product_brand","embeddable":true,"href":"https:\/\/cemilhoca.com.tr\/qr\/ar\/wp-json\/wp\/v2\/product_brand?post=580"},{"taxonomy":"product_cat","embeddable":true,"href":"https:\/\/cemilhoca.com.tr\/qr\/ar\/wp-json\/wp\/v2\/product_cat?post=580"},{"taxonomy":"product_tag","embeddable":true,"href":"https:\/\/cemilhoca.com.tr\/qr\/ar\/wp-json\/wp\/v2\/product_tag?post=580"}],"curies":[{"name":"wp","href":"https:\/\/api.w.org\/{rel}","templated":true}]}}