{"id":601,"date":"2024-11-03T15:18:39","date_gmt":"2024-11-03T12:18:39","guid":{"rendered":"https:\/\/cemilhoca.com.tr\/qr\/?post_type=product&#038;p=601"},"modified":"2026-02-15T18:30:44","modified_gmt":"2026-02-15T15:30:44","slug":"kalkan-izgara-kg","status":"publish","type":"product","link":"https:\/\/cemilhoca.com.tr\/qr\/en\/product\/kalkan-izgara-kg\/","title":{"rendered":"Bluefon Grill"},"content":{"rendered":"","protected":false},"excerpt":{"rendered":"<p>Kalkan bal\u0131\u011f\u0131n\u0131n fiyat\u0131 ve bal\u0131k boyutlar\u0131 g\u00fcnl\u00fck olarak de\u011fi\u015fmektedir.Elimizde her zaman taze olarak bulundurdu\u011fumuz kalkan bal\u0131\u011f\u0131n\u0131, bal\u0131k dolab\u0131ndan se\u00e7ebilirsiniz.<\/p>","protected":false},"featured_media":744,"comment_status":"open","ping_status":"closed","template":"","meta":[],"product_brand":[],"product_cat":[82],"product_tag":[],"class_list":{"0":"post-601","1":"product","2":"type-product","3":"status-publish","4":"has-post-thumbnail","6":"product_cat-baliklar","8":"first","9":"instock","10":"shipping-taxable","11":"product-type-simple"},"_links":{"self":[{"href":"https:\/\/cemilhoca.com.tr\/qr\/en\/wp-json\/wp\/v2\/product\/601","targetHints":{"allow":["GET"]}}],"collection":[{"href":"https:\/\/cemilhoca.com.tr\/qr\/en\/wp-json\/wp\/v2\/product"}],"about":[{"href":"https:\/\/cemilhoca.com.tr\/qr\/en\/wp-json\/wp\/v2\/types\/product"}],"replies":[{"embeddable":true,"href":"https:\/\/cemilhoca.com.tr\/qr\/en\/wp-json\/wp\/v2\/comments?post=601"}],"wp:featuredmedia":[{"embeddable":true,"href":"https:\/\/cemilhoca.com.tr\/qr\/en\/wp-json\/wp\/v2\/media\/744"}],"wp:attachment":[{"href":"https:\/\/cemilhoca.com.tr\/qr\/en\/wp-json\/wp\/v2\/media?parent=601"}],"wp:term":[{"taxonomy":"product_brand","embeddable":true,"href":"https:\/\/cemilhoca.com.tr\/qr\/en\/wp-json\/wp\/v2\/product_brand?post=601"},{"taxonomy":"product_cat","embeddable":true,"href":"https:\/\/cemilhoca.com.tr\/qr\/en\/wp-json\/wp\/v2\/product_cat?post=601"},{"taxonomy":"product_tag","embeddable":true,"href":"https:\/\/cemilhoca.com.tr\/qr\/en\/wp-json\/wp\/v2\/product_tag?post=601"}],"curies":[{"name":"wp","href":"https:\/\/api.w.org\/{rel}","templated":true}]}}