{"id":572,"date":"2024-11-03T13:00:57","date_gmt":"2024-11-03T10:00:57","guid":{"rendered":"https:\/\/cemilhoca.com.tr\/qr\/?post_type=product&#038;p=572"},"modified":"2026-04-16T08:48:45","modified_gmt":"2026-04-16T05:48:45","slug":"tavuk-sis","status":"publish","type":"product","link":"https:\/\/cemilhoca.com.tr\/qr\/ru\/product\/tavuk-sis\/","title":{"rendered":"\u041a\u0443\u0440\u0438\u043d\u044b\u0435 \u0448\u0430\u0448\u043b\u044b\u0447\u043a\u0438"},"content":{"rendered":"","protected":false},"excerpt":{"rendered":"<p>\u0130\u00e7erik: Izgara tavuk \u015fi\u015f, pilav ve k\u00f6z sebzeler e\u015fli\u011finde<br \/>\nEkmek \u00fczerinde servis edilir<br \/>\n<strong>1 \u015fi\u015f | ~200 g | ~550 kcal<\/strong><\/p>","protected":false},"featured_media":708,"comment_status":"open","ping_status":"closed","template":"","meta":[],"product_brand":[],"product_cat":[81],"product_tag":[],"class_list":{"0":"post-572","1":"product","2":"type-product","3":"status-publish","4":"has-post-thumbnail","6":"product_cat-et-tavuk","8":"first","9":"instock","10":"shipping-taxable","11":"purchasable","12":"product-type-simple"},"_links":{"self":[{"href":"https:\/\/cemilhoca.com.tr\/qr\/ru\/wp-json\/wp\/v2\/product\/572","targetHints":{"allow":["GET"]}}],"collection":[{"href":"https:\/\/cemilhoca.com.tr\/qr\/ru\/wp-json\/wp\/v2\/product"}],"about":[{"href":"https:\/\/cemilhoca.com.tr\/qr\/ru\/wp-json\/wp\/v2\/types\/product"}],"replies":[{"embeddable":true,"href":"https:\/\/cemilhoca.com.tr\/qr\/ru\/wp-json\/wp\/v2\/comments?post=572"}],"wp:featuredmedia":[{"embeddable":true,"href":"https:\/\/cemilhoca.com.tr\/qr\/ru\/wp-json\/wp\/v2\/media\/708"}],"wp:attachment":[{"href":"https:\/\/cemilhoca.com.tr\/qr\/ru\/wp-json\/wp\/v2\/media?parent=572"}],"wp:term":[{"taxonomy":"product_brand","embeddable":true,"href":"https:\/\/cemilhoca.com.tr\/qr\/ru\/wp-json\/wp\/v2\/product_brand?post=572"},{"taxonomy":"product_cat","embeddable":true,"href":"https:\/\/cemilhoca.com.tr\/qr\/ru\/wp-json\/wp\/v2\/product_cat?post=572"},{"taxonomy":"product_tag","embeddable":true,"href":"https:\/\/cemilhoca.com.tr\/qr\/ru\/wp-json\/wp\/v2\/product_tag?post=572"}],"curies":[{"name":"wp","href":"https:\/\/api.w.org\/{rel}","templated":true}]}}