{"id":580,"date":"2024-11-03T13:05:25","date_gmt":"2024-11-03T10:05:25","guid":{"rendered":"https:\/\/cemilhoca.com.tr\/qr\/?post_type=product&#038;p=580"},"modified":"2026-02-15T18:30:43","modified_gmt":"2026-02-15T15:30:43","slug":"karisik-et-tabagi","status":"publish","type":"product","link":"https:\/\/cemilhoca.com.tr\/qr\/ru\/product\/karisik-et-tabagi\/","title":{"rendered":"Cemil Hoca Kar\u0131\u015f\u0131k Et Taba\u011f\u0131"},"content":{"rendered":"","protected":false},"excerpt":{"rendered":"<p>\u041f\u043e\u0434\u0430\u044e\u0442\u0441\u044f \u0432 \u0432\u0438\u0434\u0435 \u0433\u043e\u0432\u044f\u0436\u044c\u0438\u0445 \u0448\u0430\u0448\u043b\u044b\u043a\u043e\u0432 3 \u0448\u0442\u0443\u043a\u0438,\n\u0430\u043d\u0442\u0440\u0438\u043a\u043e\u0442\u0430 1 \u0448\u0442\u0443\u043a\u0438, \u043a\u0443\u0440\u0438\u043d\u044b\u0445 \u043a\u043e\u0442\u043b\u0435\u0442 1 \u0448\u0442\u0443\u043a\u0438, \u043f\u0435\u043b\u044c\u043c\u0435\u043d\u0435\u0439\n2 \u0448\u0442\u0443\u043a\u0438.<\/p>","protected":false},"featured_media":720,"comment_status":"open","ping_status":"closed","template":"","meta":[],"product_brand":[],"product_cat":[81],"product_tag":[],"class_list":{"0":"post-580","1":"product","2":"type-product","3":"status-publish","4":"has-post-thumbnail","6":"product_cat-et-tavuk","8":"first","9":"instock","10":"shipping-taxable","11":"purchasable","12":"product-type-simple"},"_links":{"self":[{"href":"https:\/\/cemilhoca.com.tr\/qr\/ru\/wp-json\/wp\/v2\/product\/580","targetHints":{"allow":["GET"]}}],"collection":[{"href":"https:\/\/cemilhoca.com.tr\/qr\/ru\/wp-json\/wp\/v2\/product"}],"about":[{"href":"https:\/\/cemilhoca.com.tr\/qr\/ru\/wp-json\/wp\/v2\/types\/product"}],"replies":[{"embeddable":true,"href":"https:\/\/cemilhoca.com.tr\/qr\/ru\/wp-json\/wp\/v2\/comments?post=580"}],"wp:featuredmedia":[{"embeddable":true,"href":"https:\/\/cemilhoca.com.tr\/qr\/ru\/wp-json\/wp\/v2\/media\/720"}],"wp:attachment":[{"href":"https:\/\/cemilhoca.com.tr\/qr\/ru\/wp-json\/wp\/v2\/media?parent=580"}],"wp:term":[{"taxonomy":"product_brand","embeddable":true,"href":"https:\/\/cemilhoca.com.tr\/qr\/ru\/wp-json\/wp\/v2\/product_brand?post=580"},{"taxonomy":"product_cat","embeddable":true,"href":"https:\/\/cemilhoca.com.tr\/qr\/ru\/wp-json\/wp\/v2\/product_cat?post=580"},{"taxonomy":"product_tag","embeddable":true,"href":"https:\/\/cemilhoca.com.tr\/qr\/ru\/wp-json\/wp\/v2\/product_tag?post=580"}],"curies":[{"name":"wp","href":"https:\/\/api.w.org\/{rel}","templated":true}]}}