{"id":552,"date":"2024-11-03T12:21:06","date_gmt":"2024-11-03T09:21:06","guid":{"rendered":"https:\/\/cemilhoca.com.tr\/qr\/?post_type=product&#038;p=552"},"modified":"2026-03-15T14:12:49","modified_gmt":"2026-03-15T11:12:49","slug":"serpme-kahvalti","status":"publish","type":"product","link":"https:\/\/cemilhoca.com.tr\/qr\/urun\/serpme-kahvalti\/","title":{"rendered":"Serpme Kahvalt\u0131"},"content":{"rendered":"","protected":false},"excerpt":{"rendered":"<p>Tereya\u011fl\u0131 sahanda yumurta, Kuymak, Patates K\u0131zartmas\u0131, Pancake, Sebzeli sosis, mini kek, Acuka, \u00c7ikolata, S\u00fczme Bal,Terya\u011f\u0131, S\u00fct kayma\u011f\u0131, Re\u00e7el \u00e7e\u015fitleri, S\u00f6\u011f\u00fc\u015f Taba\u011f\u0131, Peynir \u00c7e\u015fitleri ve Kuru Meyve ile servis edilmektedir. Hafta i\u00e7i 09:00 &#8211; 15:00 aras\u0131nda servis edilmektedir.<\/p>\n","protected":false},"featured_media":770,"comment_status":"open","ping_status":"closed","template":"","meta":[],"product_brand":[],"product_cat":[78],"product_tag":[],"class_list":{"0":"post-552","1":"product","2":"type-product","3":"status-publish","4":"has-post-thumbnail","6":"product_cat-kahvalti","8":"first","9":"instock","10":"shipping-taxable","11":"purchasable","12":"product-type-simple"},"_links":{"self":[{"href":"https:\/\/cemilhoca.com.tr\/qr\/wp-json\/wp\/v2\/product\/552","targetHints":{"allow":["GET"]}}],"collection":[{"href":"https:\/\/cemilhoca.com.tr\/qr\/wp-json\/wp\/v2\/product"}],"about":[{"href":"https:\/\/cemilhoca.com.tr\/qr\/wp-json\/wp\/v2\/types\/product"}],"replies":[{"embeddable":true,"href":"https:\/\/cemilhoca.com.tr\/qr\/wp-json\/wp\/v2\/comments?post=552"}],"wp:featuredmedia":[{"embeddable":true,"href":"https:\/\/cemilhoca.com.tr\/qr\/wp-json\/wp\/v2\/media\/770"}],"wp:attachment":[{"href":"https:\/\/cemilhoca.com.tr\/qr\/wp-json\/wp\/v2\/media?parent=552"}],"wp:term":[{"taxonomy":"product_brand","embeddable":true,"href":"https:\/\/cemilhoca.com.tr\/qr\/wp-json\/wp\/v2\/product_brand?post=552"},{"taxonomy":"product_cat","embeddable":true,"href":"https:\/\/cemilhoca.com.tr\/qr\/wp-json\/wp\/v2\/product_cat?post=552"},{"taxonomy":"product_tag","embeddable":true,"href":"https:\/\/cemilhoca.com.tr\/qr\/wp-json\/wp\/v2\/product_tag?post=552"}],"curies":[{"name":"wp","href":"https:\/\/api.w.org\/{rel}","templated":true}]}}