{"id":553,"date":"2024-11-03T12:32:20","date_gmt":"2024-11-03T09:32:20","guid":{"rendered":"https:\/\/cemilhoca.com.tr\/qr\/?post_type=product&#038;p=553"},"modified":"2026-03-15T14:12:34","modified_gmt":"2026-03-15T11:12:34","slug":"hafta-sonu-kahvaltisi","status":"publish","type":"product","link":"https:\/\/cemilhoca.com.tr\/qr\/urun\/hafta-sonu-kahvaltisi\/","title":{"rendered":"Hafta Sonu Kahvalt\u0131s\u0131"},"content":{"rendered":"","protected":false},"excerpt":{"rendered":"<p>Serpme Kahvalt\u0131 masan\u0131za servis edilmekte ve s\u0131cak b\u00fcfesinde 20 ye yak\u0131n \u00fcr\u00fcn ise self servis olarak sunulmaktad\u0131r.<\/p>\n<p>Aile yan\u0131nda 0-6 Ya\u015f \u00e7ocuklar \u00fccretsiz,<\/p>\n<p><strong>Grup kahvalt\u0131lar\u0131 i\u00e7in l\u00fctfen bilgi al\u0131n.<\/strong><\/p>\n","protected":false},"featured_media":771,"comment_status":"open","ping_status":"closed","template":"","meta":[],"product_brand":[],"product_cat":[78],"product_tag":[],"class_list":{"0":"post-553","1":"product","2":"type-product","3":"status-publish","4":"has-post-thumbnail","6":"product_cat-kahvalti","8":"first","9":"instock","10":"shipping-taxable","11":"purchasable","12":"product-type-simple"},"_links":{"self":[{"href":"https:\/\/cemilhoca.com.tr\/qr\/wp-json\/wp\/v2\/product\/553","targetHints":{"allow":["GET"]}}],"collection":[{"href":"https:\/\/cemilhoca.com.tr\/qr\/wp-json\/wp\/v2\/product"}],"about":[{"href":"https:\/\/cemilhoca.com.tr\/qr\/wp-json\/wp\/v2\/types\/product"}],"replies":[{"embeddable":true,"href":"https:\/\/cemilhoca.com.tr\/qr\/wp-json\/wp\/v2\/comments?post=553"}],"wp:featuredmedia":[{"embeddable":true,"href":"https:\/\/cemilhoca.com.tr\/qr\/wp-json\/wp\/v2\/media\/771"}],"wp:attachment":[{"href":"https:\/\/cemilhoca.com.tr\/qr\/wp-json\/wp\/v2\/media?parent=553"}],"wp:term":[{"taxonomy":"product_brand","embeddable":true,"href":"https:\/\/cemilhoca.com.tr\/qr\/wp-json\/wp\/v2\/product_brand?post=553"},{"taxonomy":"product_cat","embeddable":true,"href":"https:\/\/cemilhoca.com.tr\/qr\/wp-json\/wp\/v2\/product_cat?post=553"},{"taxonomy":"product_tag","embeddable":true,"href":"https:\/\/cemilhoca.com.tr\/qr\/wp-json\/wp\/v2\/product_tag?post=553"}],"curies":[{"name":"wp","href":"https:\/\/api.w.org\/{rel}","templated":true}]}}