{"id":558,"date":"2024-11-03T12:50:13","date_gmt":"2024-11-03T09:50:13","guid":{"rendered":"https:\/\/cemilhoca.com.tr\/qr\/?post_type=product&#038;p=558"},"modified":"2026-02-15T18:30:42","modified_gmt":"2026-02-15T15:30:42","slug":"kara-lahana-corbasi","status":"publish","type":"product","link":"https:\/\/cemilhoca.com.tr\/qr\/urun\/kara-lahana-corbasi\/","title":{"rendered":"Kara Lahana \u00c7orbas\u0131"},"content":{"rendered":"","protected":false},"excerpt":{"rendered":"<p>Karadeniz B\u00f6lgesi&#8217;nden y\u00f6resel bir \u00e7orbad\u0131r. M\u0131s\u0131r Yarmas\u0131, Kara lahana, m\u0131s\u0131r unu ve tereya\u011f ile haz\u0131rlan\u0131r.<\/p>\n","protected":false},"featured_media":735,"comment_status":"open","ping_status":"closed","template":"","meta":[],"product_brand":[],"product_cat":[79],"product_tag":[],"class_list":{"0":"post-558","1":"product","2":"type-product","3":"status-publish","4":"has-post-thumbnail","6":"product_cat-corbalar","8":"first","9":"instock","10":"shipping-taxable","11":"purchasable","12":"product-type-simple"},"_links":{"self":[{"href":"https:\/\/cemilhoca.com.tr\/qr\/wp-json\/wp\/v2\/product\/558","targetHints":{"allow":["GET"]}}],"collection":[{"href":"https:\/\/cemilhoca.com.tr\/qr\/wp-json\/wp\/v2\/product"}],"about":[{"href":"https:\/\/cemilhoca.com.tr\/qr\/wp-json\/wp\/v2\/types\/product"}],"replies":[{"embeddable":true,"href":"https:\/\/cemilhoca.com.tr\/qr\/wp-json\/wp\/v2\/comments?post=558"}],"wp:featuredmedia":[{"embeddable":true,"href":"https:\/\/cemilhoca.com.tr\/qr\/wp-json\/wp\/v2\/media\/735"}],"wp:attachment":[{"href":"https:\/\/cemilhoca.com.tr\/qr\/wp-json\/wp\/v2\/media?parent=558"}],"wp:term":[{"taxonomy":"product_brand","embeddable":true,"href":"https:\/\/cemilhoca.com.tr\/qr\/wp-json\/wp\/v2\/product_brand?post=558"},{"taxonomy":"product_cat","embeddable":true,"href":"https:\/\/cemilhoca.com.tr\/qr\/wp-json\/wp\/v2\/product_cat?post=558"},{"taxonomy":"product_tag","embeddable":true,"href":"https:\/\/cemilhoca.com.tr\/qr\/wp-json\/wp\/v2\/product_tag?post=558"}],"curies":[{"name":"wp","href":"https:\/\/api.w.org\/{rel}","templated":true}]}}