{"id":563,"date":"2024-11-03T12:55:47","date_gmt":"2024-11-03T09:55:47","guid":{"rendered":"https:\/\/cemilhoca.com.tr\/qr\/?post_type=product&#038;p=563"},"modified":"2026-02-15T18:30:42","modified_gmt":"2026-02-15T15:30:42","slug":"tursu-kavurma","status":"publish","type":"product","link":"https:\/\/cemilhoca.com.tr\/qr\/urun\/tursu-kavurma\/","title":{"rendered":"Tur\u015fu Kavurma"},"content":{"rendered":"","protected":false},"excerpt":{"rendered":"<p>Mevsiminde kurulan Fasulye Tur\u015fusu, Trabzon Tereya\u011f\u0131nda so\u011fan ve sar\u0131msak ile birlikte kavrulur, s\u0131cak servis edilir.<\/p>\n","protected":false},"featured_media":710,"comment_status":"open","ping_status":"closed","template":"","meta":[],"product_brand":[],"product_cat":[80],"product_tag":[],"class_list":{"0":"post-563","1":"product","2":"type-product","3":"status-publish","4":"has-post-thumbnail","6":"product_cat-ara-sicaklar","8":"first","9":"instock","10":"shipping-taxable","11":"purchasable","12":"product-type-simple"},"_links":{"self":[{"href":"https:\/\/cemilhoca.com.tr\/qr\/wp-json\/wp\/v2\/product\/563","targetHints":{"allow":["GET"]}}],"collection":[{"href":"https:\/\/cemilhoca.com.tr\/qr\/wp-json\/wp\/v2\/product"}],"about":[{"href":"https:\/\/cemilhoca.com.tr\/qr\/wp-json\/wp\/v2\/types\/product"}],"replies":[{"embeddable":true,"href":"https:\/\/cemilhoca.com.tr\/qr\/wp-json\/wp\/v2\/comments?post=563"}],"wp:featuredmedia":[{"embeddable":true,"href":"https:\/\/cemilhoca.com.tr\/qr\/wp-json\/wp\/v2\/media\/710"}],"wp:attachment":[{"href":"https:\/\/cemilhoca.com.tr\/qr\/wp-json\/wp\/v2\/media?parent=563"}],"wp:term":[{"taxonomy":"product_brand","embeddable":true,"href":"https:\/\/cemilhoca.com.tr\/qr\/wp-json\/wp\/v2\/product_brand?post=563"},{"taxonomy":"product_cat","embeddable":true,"href":"https:\/\/cemilhoca.com.tr\/qr\/wp-json\/wp\/v2\/product_cat?post=563"},{"taxonomy":"product_tag","embeddable":true,"href":"https:\/\/cemilhoca.com.tr\/qr\/wp-json\/wp\/v2\/product_tag?post=563"}],"curies":[{"name":"wp","href":"https:\/\/api.w.org\/{rel}","templated":true}]}}