{"id":664,"date":"2024-11-04T22:45:19","date_gmt":"2024-11-04T19:45:19","guid":{"rendered":"https:\/\/cemilhoca.com.tr\/qr\/?post_type=product&#038;p=664"},"modified":"2026-02-15T19:32:19","modified_gmt":"2026-02-15T16:32:19","slug":"guvecte-tereyagli-karides-2","status":"publish","type":"product","link":"https:\/\/cemilhoca.com.tr\/qr\/urun\/guvecte-tereyagli-karides-2\/","title":{"rendered":"G\u00fcve\u00e7te Tereya\u011fl\u0131 Karides"},"content":{"rendered":"","protected":false},"excerpt":{"rendered":"","protected":false},"featured_media":694,"comment_status":"open","ping_status":"closed","template":"","meta":[],"product_brand":[],"product_cat":[80],"product_tag":[],"class_list":{"0":"post-664","1":"product","2":"type-product","3":"status-publish","4":"has-post-thumbnail","6":"product_cat-ara-sicaklar","8":"first","9":"instock","10":"shipping-taxable","11":"purchasable","12":"product-type-simple"},"_links":{"self":[{"href":"https:\/\/cemilhoca.com.tr\/qr\/wp-json\/wp\/v2\/product\/664","targetHints":{"allow":["GET"]}}],"collection":[{"href":"https:\/\/cemilhoca.com.tr\/qr\/wp-json\/wp\/v2\/product"}],"about":[{"href":"https:\/\/cemilhoca.com.tr\/qr\/wp-json\/wp\/v2\/types\/product"}],"replies":[{"embeddable":true,"href":"https:\/\/cemilhoca.com.tr\/qr\/wp-json\/wp\/v2\/comments?post=664"}],"wp:featuredmedia":[{"embeddable":true,"href":"https:\/\/cemilhoca.com.tr\/qr\/wp-json\/wp\/v2\/media\/694"}],"wp:attachment":[{"href":"https:\/\/cemilhoca.com.tr\/qr\/wp-json\/wp\/v2\/media?parent=664"}],"wp:term":[{"taxonomy":"product_brand","embeddable":true,"href":"https:\/\/cemilhoca.com.tr\/qr\/wp-json\/wp\/v2\/product_brand?post=664"},{"taxonomy":"product_cat","embeddable":true,"href":"https:\/\/cemilhoca.com.tr\/qr\/wp-json\/wp\/v2\/product_cat?post=664"},{"taxonomy":"product_tag","embeddable":true,"href":"https:\/\/cemilhoca.com.tr\/qr\/wp-json\/wp\/v2\/product_tag?post=664"}],"curies":[{"name":"wp","href":"https:\/\/api.w.org\/{rel}","templated":true}]}}