{"id":798,"date":"2025-09-06T11:57:34","date_gmt":"2025-09-06T08:57:34","guid":{"rendered":"https:\/\/cemilhoca.com.tr\/qr\/?post_type=product&#038;p=798"},"modified":"2026-02-15T19:06:59","modified_gmt":"2026-02-15T16:06:59","slug":"cheesburger","status":"publish","type":"product","link":"https:\/\/cemilhoca.com.tr\/qr\/urun\/cheesburger\/","title":{"rendered":"Cheesburger"},"content":{"rendered":"","protected":false},"excerpt":{"rendered":"<p>Yan\u0131nda K\u0131zarm\u0131\u015f Patates<\/p>\n","protected":false},"featured_media":796,"comment_status":"open","ping_status":"closed","template":"","meta":[],"product_brand":[],"product_cat":[92],"product_tag":[],"class_list":{"0":"post-798","1":"product","2":"type-product","3":"status-publish","4":"has-post-thumbnail","6":"product_cat-hamburger","8":"first","9":"instock","10":"shipping-taxable","11":"purchasable","12":"product-type-simple"},"_links":{"self":[{"href":"https:\/\/cemilhoca.com.tr\/qr\/wp-json\/wp\/v2\/product\/798","targetHints":{"allow":["GET"]}}],"collection":[{"href":"https:\/\/cemilhoca.com.tr\/qr\/wp-json\/wp\/v2\/product"}],"about":[{"href":"https:\/\/cemilhoca.com.tr\/qr\/wp-json\/wp\/v2\/types\/product"}],"replies":[{"embeddable":true,"href":"https:\/\/cemilhoca.com.tr\/qr\/wp-json\/wp\/v2\/comments?post=798"}],"wp:featuredmedia":[{"embeddable":true,"href":"https:\/\/cemilhoca.com.tr\/qr\/wp-json\/wp\/v2\/media\/796"}],"wp:attachment":[{"href":"https:\/\/cemilhoca.com.tr\/qr\/wp-json\/wp\/v2\/media?parent=798"}],"wp:term":[{"taxonomy":"product_brand","embeddable":true,"href":"https:\/\/cemilhoca.com.tr\/qr\/wp-json\/wp\/v2\/product_brand?post=798"},{"taxonomy":"product_cat","embeddable":true,"href":"https:\/\/cemilhoca.com.tr\/qr\/wp-json\/wp\/v2\/product_cat?post=798"},{"taxonomy":"product_tag","embeddable":true,"href":"https:\/\/cemilhoca.com.tr\/qr\/wp-json\/wp\/v2\/product_tag?post=798"}],"curies":[{"name":"wp","href":"https:\/\/api.w.org\/{rel}","templated":true}]}}